{"id":1850,"date":"2021-10-13T09:42:26","date_gmt":"2021-10-13T07:42:26","guid":{"rendered":"https:\/\/buzavirag.com\/zsolnay-the-luxury-buzavirag-gin\/"},"modified":"2023-11-24T19:42:24","modified_gmt":"2023-11-24T18:42:24","slug":"zsolnay-the-luxury-buzavirag-gin","status":"publish","type":"page","link":"https:\/\/buzavirag.com\/es\/zsolnay-the-luxury-buzavirag-gin\/","title":{"rendered":"Zsolnay &#8211; the Luxury B\u00fazavir\u00e1g GIN"},"content":{"rendered":"\t\t<div data-elementor-type=\"wp-page\" data-elementor-id=\"1850\" class=\"elementor elementor-1850\" data-elementor-post-type=\"page\">\n\t\t\t\t\t\t<section class=\"elementor-section elementor-top-section elementor-element elementor-element-2ee34f2 elementor-section-full_width elementor-section-height-min-height elementor-section-content-top elementor-hidden-mobile elementor-section-height-default elementor-section-items-middle\" data-id=\"2ee34f2\" data-element_type=\"section\" data-e-type=\"section\" data-settings=\"{&quot;background_background&quot;:&quot;classic&quot;}\">\n\t\t\t\t\t\t<div class=\"elementor-container elementor-column-gap-default\">\n\t\t\t\t\t<div class=\"elementor-column elementor-col-100 elementor-top-column elementor-element elementor-element-4b6ac97\" data-id=\"4b6ac97\" data-element_type=\"column\" data-e-type=\"column\">\n\t\t\t<div class=\"elementor-widget-wrap elementor-element-populated\">\n\t\t\t\t\t\t<section class=\"elementor-section elementor-inner-section elementor-element elementor-element-7b02023 elementor-section-boxed elementor-section-height-default elementor-section-height-default\" data-id=\"7b02023\" data-element_type=\"section\" data-e-type=\"section\">\n\t\t\t\t\t\t<div class=\"elementor-container elementor-column-gap-default\">\n\t\t\t\t\t<div class=\"elementor-column elementor-col-50 elementor-inner-column elementor-element elementor-element-0aa2b27\" data-id=\"0aa2b27\" data-element_type=\"column\" data-e-type=\"column\">\n\t\t\t<div class=\"elementor-widget-wrap\">\n\t\t\t\t\t\t\t<\/div>\n\t\t<\/div>\n\t\t\t\t<div class=\"elementor-column elementor-col-50 elementor-inner-column elementor-element elementor-element-82322fe\" data-id=\"82322fe\" data-element_type=\"column\" data-e-type=\"column\">\n\t\t\t<div class=\"elementor-widget-wrap\">\n\t\t\t\t\t\t\t<\/div>\n\t\t<\/div>\n\t\t\t\t\t<\/div>\n\t\t<\/section>\n\t\t\t\t\t<\/div>\n\t\t<\/div>\n\t\t\t\t\t<\/div>\n\t\t<\/section>\n\t\t\t\t<section class=\"elementor-section elementor-top-section elementor-element elementor-element-b041298 elementor-section-full_width elementor-section-height-default elementor-section-height-default\" data-id=\"b041298\" data-element_type=\"section\" data-e-type=\"section\" data-settings=\"{&quot;background_background&quot;:&quot;classic&quot;}\">\n\t\t\t\t\t\t<div class=\"elementor-container elementor-column-gap-default\">\n\t\t\t\t\t<div class=\"elementor-column elementor-col-33 elementor-top-column elementor-element elementor-element-718939d\" data-id=\"718939d\" data-element_type=\"column\" data-e-type=\"column\">\n\t\t\t<div class=\"elementor-widget-wrap\">\n\t\t\t\t\t\t\t<\/div>\n\t\t<\/div>\n\t\t\t\t<div class=\"elementor-column elementor-col-33 elementor-top-column elementor-element elementor-element-51486f2\" data-id=\"51486f2\" data-element_type=\"column\" data-e-type=\"column\">\n\t\t\t<div class=\"elementor-widget-wrap elementor-element-populated\">\n\t\t\t\t\t\t<div class=\"elementor-element elementor-element-6199f8f elementor-widget elementor-widget-image\" data-id=\"6199f8f\" data-element_type=\"widget\" data-e-type=\"widget\" data-widget_type=\"image.default\">\n\t\t\t\t<div class=\"elementor-widget-container\">\n\t\t\t\t\t\t\t\t\t\t\t\t\t\t\t<img fetchpriority=\"high\" decoding=\"async\" width=\"300\" height=\"202\" src=\"https:\/\/buzavirag.com\/wp-content\/uploads\/2023\/08\/THE-ZSOLNAY_GIN-300x202.png\" class=\"attachment-medium size-medium wp-image-4317\" alt=\"\" srcset=\"https:\/\/buzavirag.com\/wp-content\/uploads\/2023\/08\/THE-ZSOLNAY_GIN-300x202.png 300w, https:\/\/buzavirag.com\/wp-content\/uploads\/2023\/08\/THE-ZSOLNAY_GIN-1024x690.png 1024w, https:\/\/buzavirag.com\/wp-content\/uploads\/2023\/08\/THE-ZSOLNAY_GIN-768x518.png 768w, https:\/\/buzavirag.com\/wp-content\/uploads\/2023\/08\/THE-ZSOLNAY_GIN.png 1280w\" sizes=\"(max-width: 300px) 100vw, 300px\" \/>\t\t\t\t\t\t\t\t\t\t\t\t\t\t\t<\/div>\n\t\t\t\t<\/div>\n\t\t\t\t\t<\/div>\n\t\t<\/div>\n\t\t\t\t<div class=\"elementor-column elementor-col-33 elementor-top-column elementor-element elementor-element-cd35cf7\" data-id=\"cd35cf7\" data-element_type=\"column\" data-e-type=\"column\">\n\t\t\t<div class=\"elementor-widget-wrap\">\n\t\t\t\t\t\t\t<\/div>\n\t\t<\/div>\n\t\t\t\t\t<\/div>\n\t\t<\/section>\n\t\t\t\t<section class=\"elementor-section elementor-top-section elementor-element elementor-element-9adda8c elementor-section-full_width elementor-section-height-default elementor-section-height-default\" data-id=\"9adda8c\" data-element_type=\"section\" data-e-type=\"section\">\n\t\t\t\t\t\t<div class=\"elementor-container elementor-column-gap-no\">\n\t\t\t\t\t<div class=\"elementor-column elementor-col-50 elementor-top-column elementor-element elementor-element-6ce6c96\" data-id=\"6ce6c96\" data-element_type=\"column\" data-e-type=\"column\" data-settings=\"{&quot;background_background&quot;:&quot;classic&quot;}\">\n\t\t\t<div class=\"elementor-widget-wrap elementor-element-populated\">\n\t\t\t\t\t\t<div class=\"elementor-element elementor-element-f8fba01 elementor-widget elementor-widget-image\" data-id=\"f8fba01\" data-element_type=\"widget\" data-e-type=\"widget\" data-widget_type=\"image.default\">\n\t\t\t\t<div class=\"elementor-widget-container\">\n\t\t\t\t\t\t\t\t\t\t\t\t\t\t\t<img decoding=\"async\" width=\"1024\" height=\"858\" src=\"https:\/\/buzavirag.com\/wp-content\/uploads\/2023\/08\/2-1024x858.png\" class=\"attachment-large size-large wp-image-4357\" alt=\"\" srcset=\"https:\/\/buzavirag.com\/wp-content\/uploads\/2023\/08\/2-1024x858.png 1024w, https:\/\/buzavirag.com\/wp-content\/uploads\/2023\/08\/2-300x251.png 300w, https:\/\/buzavirag.com\/wp-content\/uploads\/2023\/08\/2-768x644.png 768w, https:\/\/buzavirag.com\/wp-content\/uploads\/2023\/08\/2-1536x1288.png 1536w, https:\/\/buzavirag.com\/wp-content\/uploads\/2023\/08\/2-2048x1717.png 2048w\" sizes=\"(max-width: 1024px) 100vw, 1024px\" \/>\t\t\t\t\t\t\t\t\t\t\t\t\t\t\t<\/div>\n\t\t\t\t<\/div>\n\t\t\t\t\t<\/div>\n\t\t<\/div>\n\t\t\t\t<div class=\"elementor-column elementor-col-50 elementor-top-column elementor-element elementor-element-7f16d9d\" data-id=\"7f16d9d\" data-element_type=\"column\" data-e-type=\"column\" data-settings=\"{&quot;background_background&quot;:&quot;classic&quot;}\">\n\t\t\t<div class=\"elementor-widget-wrap elementor-element-populated\">\n\t\t\t\t\t\t<div class=\"elementor-element elementor-element-47ad698 elementor-widget elementor-widget-heading\" data-id=\"47ad698\" data-element_type=\"widget\" data-e-type=\"widget\" data-widget_type=\"heading.default\">\n\t\t\t\t<div class=\"elementor-widget-container\">\n\t\t\t\t\t<h2 class=\"elementor-heading-title elementor-size-default\">zsolnay<\/h2>\t\t\t\t<\/div>\n\t\t\t\t<\/div>\n\t\t\t\t<div class=\"elementor-element elementor-element-63f6aeb elementor-widget elementor-widget-text-editor\" data-id=\"63f6aeb\" data-element_type=\"widget\" data-e-type=\"widget\" data-widget_type=\"text-editor.default\">\n\t\t\t\t<div class=\"elementor-widget-container\">\n\t\t\t\t\t\t\t\t\t<p style=\"text-align: justify;\">Las porcelanas Zsolnay, decoradas con motivos de aciano, con una historia de 170 a\u00f1os, representan la familia de productos m\u00e1s conocida desde muchas generaciones que se complet\u00f3 de una bebida de calidad excepcional, con ocasi\u00f3n del 193o aniversario del nacimiento de Zsolnay Vilmos. <\/p>\n\t\t\t\t\t\t\t\t<\/div>\n\t\t\t\t<\/div>\n\t\t\t\t\t<\/div>\n\t\t<\/div>\n\t\t\t\t\t<\/div>\n\t\t<\/section>\n\t\t\t\t<section class=\"elementor-section elementor-top-section elementor-element elementor-element-d9431aa elementor-section-full_width elementor-reverse-mobile elementor-section-height-default elementor-section-height-default\" data-id=\"d9431aa\" data-element_type=\"section\" data-e-type=\"section\">\n\t\t\t\t\t\t<div class=\"elementor-container elementor-column-gap-no\">\n\t\t\t\t\t<div class=\"elementor-column elementor-col-50 elementor-top-column elementor-element elementor-element-f27f806\" data-id=\"f27f806\" data-element_type=\"column\" data-e-type=\"column\" data-settings=\"{&quot;background_background&quot;:&quot;classic&quot;}\">\n\t\t\t<div class=\"elementor-widget-wrap elementor-element-populated\">\n\t\t\t\t\t\t<div class=\"elementor-element elementor-element-cd89e32 elementor-widget elementor-widget-text-editor\" data-id=\"cd89e32\" data-element_type=\"widget\" data-e-type=\"widget\" data-widget_type=\"text-editor.default\">\n\t\t\t\t<div class=\"elementor-widget-container\">\n\t\t\t\t\t\t\t\t\t<p style=\"text-align: justify;\">El desarrollo del producto fue realizado por el equipo h\u00fangaro de B\u00daZAVIR\u00c1G GIN. La ginebra de aciano Zsolnay se prepar\u00f3 con flores locales como por ejemplo la manzanilla de Mecsek o el jengibre salvaje que son los caracteres principales de la bebida con el enebro y los agrios.  <\/p>\n\t\t\t\t\t\t\t\t<\/div>\n\t\t\t\t<\/div>\n\t\t\t\t\t<\/div>\n\t\t<\/div>\n\t\t\t\t<div class=\"elementor-column elementor-col-50 elementor-top-column elementor-element elementor-element-d2c29e0\" data-id=\"d2c29e0\" data-element_type=\"column\" data-e-type=\"column\" data-settings=\"{&quot;background_background&quot;:&quot;classic&quot;}\">\n\t\t\t<div class=\"elementor-widget-wrap elementor-element-populated\">\n\t\t\t\t\t\t<div class=\"elementor-element elementor-element-10b68a3 elementor-widget elementor-widget-image\" data-id=\"10b68a3\" data-element_type=\"widget\" data-e-type=\"widget\" data-widget_type=\"image.default\">\n\t\t\t\t<div class=\"elementor-widget-container\">\n\t\t\t\t\t\t\t\t\t\t\t\t\t\t\t<img decoding=\"async\" width=\"1024\" height=\"683\" src=\"https:\/\/buzavirag.com\/wp-content\/uploads\/2023\/11\/Nevtelen-terv-5-1024x683.png\" class=\"attachment-large size-large wp-image-4932\" alt=\"Zsolnay Gin\" srcset=\"https:\/\/buzavirag.com\/wp-content\/uploads\/2023\/11\/Nevtelen-terv-5-1024x683.png 1024w, https:\/\/buzavirag.com\/wp-content\/uploads\/2023\/11\/Nevtelen-terv-5-300x200.png 300w, https:\/\/buzavirag.com\/wp-content\/uploads\/2023\/11\/Nevtelen-terv-5-768x512.png 768w, https:\/\/buzavirag.com\/wp-content\/uploads\/2023\/11\/Nevtelen-terv-5-1536x1024.png 1536w, https:\/\/buzavirag.com\/wp-content\/uploads\/2023\/11\/Nevtelen-terv-5-2048x1366.png 2048w\" sizes=\"(max-width: 1024px) 100vw, 1024px\" \/>\t\t\t\t\t\t\t\t\t\t\t\t\t\t\t<\/div>\n\t\t\t\t<\/div>\n\t\t\t\t\t<\/div>\n\t\t<\/div>\n\t\t\t\t\t<\/div>\n\t\t<\/section>\n\t\t\t\t<section class=\"elementor-section elementor-top-section elementor-element elementor-element-aff6b44 elementor-section-full_width elementor-section-height-default elementor-section-height-default\" data-id=\"aff6b44\" data-element_type=\"section\" data-e-type=\"section\">\n\t\t\t\t\t\t<div class=\"elementor-container elementor-column-gap-no\">\n\t\t\t\t\t<div class=\"elementor-column elementor-col-50 elementor-top-column elementor-element elementor-element-af9fbe5\" data-id=\"af9fbe5\" data-element_type=\"column\" data-e-type=\"column\" data-settings=\"{&quot;background_background&quot;:&quot;classic&quot;}\">\n\t\t\t<div class=\"elementor-widget-wrap elementor-element-populated\">\n\t\t\t\t\t\t<div class=\"elementor-element elementor-element-8cf5ed1 elementor-widget elementor-widget-image\" data-id=\"8cf5ed1\" data-element_type=\"widget\" data-e-type=\"widget\" data-widget_type=\"image.default\">\n\t\t\t\t<div class=\"elementor-widget-container\">\n\t\t\t\t\t\t\t\t\t\t\t\t\t\t\t<img loading=\"lazy\" decoding=\"async\" width=\"1024\" height=\"1024\" src=\"https:\/\/buzavirag.com\/wp-content\/uploads\/2023\/11\/Nevtelen-terv-6-1024x1024.png\" class=\"attachment-large size-large wp-image-4943\" alt=\"Zsolnay Gin\" srcset=\"https:\/\/buzavirag.com\/wp-content\/uploads\/2023\/11\/Nevtelen-terv-6-1024x1024.png 1024w, https:\/\/buzavirag.com\/wp-content\/uploads\/2023\/11\/Nevtelen-terv-6-300x300.png 300w, https:\/\/buzavirag.com\/wp-content\/uploads\/2023\/11\/Nevtelen-terv-6-150x150.png 150w, https:\/\/buzavirag.com\/wp-content\/uploads\/2023\/11\/Nevtelen-terv-6-768x768.png 768w, https:\/\/buzavirag.com\/wp-content\/uploads\/2023\/11\/Nevtelen-terv-6-1536x1536.png 1536w, https:\/\/buzavirag.com\/wp-content\/uploads\/2023\/11\/Nevtelen-terv-6-2048x2048.png 2048w\" sizes=\"(max-width: 1024px) 100vw, 1024px\" \/>\t\t\t\t\t\t\t\t\t\t\t\t\t\t\t<\/div>\n\t\t\t\t<\/div>\n\t\t\t\t\t<\/div>\n\t\t<\/div>\n\t\t\t\t<div class=\"elementor-column elementor-col-50 elementor-top-column elementor-element elementor-element-1fc5c47\" data-id=\"1fc5c47\" data-element_type=\"column\" data-e-type=\"column\" data-settings=\"{&quot;background_background&quot;:&quot;classic&quot;}\">\n\t\t\t<div class=\"elementor-widget-wrap elementor-element-populated\">\n\t\t\t\t\t\t<div class=\"elementor-element elementor-element-d52e8c9 elementor-widget elementor-widget-text-editor\" data-id=\"d52e8c9\" data-element_type=\"widget\" data-e-type=\"widget\" data-widget_type=\"text-editor.default\">\n\t\t\t\t<div class=\"elementor-widget-container\">\n\t\t\t\t\t\t\t\t\t<p style=\"text-align: center;\">Puedes probarlo en los restaurantes y bares m\u00e1s famosos del hotel.<\/p>\n\t\t\t\t\t\t\t\t<\/div>\n\t\t\t\t<\/div>\n\t\t\t\t<div class=\"elementor-element elementor-element-11c6d1a elementor-align-center elementor-widget elementor-widget-button\" data-id=\"11c6d1a\" data-element_type=\"widget\" data-e-type=\"widget\" data-widget_type=\"button.default\">\n\t\t\t\t<div class=\"elementor-widget-container\">\n\t\t\t\t\t\t\t\t\t<div class=\"elementor-button-wrapper\">\n\t\t\t\t\t<a class=\"elementor-button elementor-button-link elementor-size-sm\" href=\"https:\/\/prosit.hu\/zsolnay-buzavirag-kezmuves-gin-07l-40-743\" target=\"_blank\">\n\t\t\t\t\t\t<span class=\"elementor-button-content-wrapper\">\n\t\t\t\t\t\t\t\t\t<span class=\"elementor-button-text\">comprar<\/span>\n\t\t\t\t\t<\/span>\n\t\t\t\t\t<\/a>\n\t\t\t\t<\/div>\n\t\t\t\t\t\t\t\t<\/div>\n\t\t\t\t<\/div>\n\t\t\t\t\t<\/div>\n\t\t<\/div>\n\t\t\t\t\t<\/div>\n\t\t<\/section>\n\t\t\t\t<section class=\"elementor-section elementor-top-section elementor-element elementor-element-93d0b9e elementor-section-boxed elementor-section-height-default elementor-section-height-default\" data-id=\"93d0b9e\" data-element_type=\"section\" data-e-type=\"section\">\n\t\t\t\t\t\t<div class=\"elementor-container elementor-column-gap-default\">\n\t\t\t\t\t<div class=\"elementor-column elementor-col-100 elementor-top-column elementor-element elementor-element-57ac48e\" data-id=\"57ac48e\" data-element_type=\"column\" data-e-type=\"column\">\n\t\t\t<div class=\"elementor-widget-wrap elementor-element-populated\">\n\t\t\t\t\t\t<div class=\"elementor-element elementor-element-52835b2 elementor-widget elementor-widget-heading\" data-id=\"52835b2\" data-element_type=\"widget\" data-e-type=\"widget\" data-widget_type=\"heading.default\">\n\t\t\t\t<div class=\"elementor-widget-container\">\n\t\t\t\t\t<h2 class=\"elementor-heading-title elementor-size-default\">selector de sabor<\/h2>\t\t\t\t<\/div>\n\t\t\t\t<\/div>\n\t\t\t\t<div class=\"elementor-element elementor-element-9993aff elementor-align-center elementor-widget elementor-widget-button\" data-id=\"9993aff\" data-element_type=\"widget\" data-e-type=\"widget\" data-widget_type=\"button.default\">\n\t\t\t\t<div class=\"elementor-widget-container\">\n\t\t\t\t\t\t\t\t\t<div class=\"elementor-button-wrapper\">\n\t\t\t\t\t<a class=\"elementor-button elementor-button-link elementor-size-sm\" href=\"https:\/\/buzavirag.com\/wp-content\/uploads\/2021\/11\/buzavirag-zsolnay-mix-en.pdf\">\n\t\t\t\t\t\t<span class=\"elementor-button-content-wrapper\">\n\t\t\t\t\t\t\t\t\t<span class=\"elementor-button-text\">descargar<\/span>\n\t\t\t\t\t<\/span>\n\t\t\t\t\t<\/a>\n\t\t\t\t<\/div>\n\t\t\t\t\t\t\t\t<\/div>\n\t\t\t\t<\/div>\n\t\t\t\t<div class=\"elementor-element elementor-element-fcc81bf elementor-widget elementor-widget-image\" data-id=\"fcc81bf\" data-element_type=\"widget\" data-e-type=\"widget\" data-widget_type=\"image.default\">\n\t\t\t\t<div class=\"elementor-widget-container\">\n\t\t\t\t\t\t\t\t\t\t\t\t\t\t\t<img loading=\"lazy\" decoding=\"async\" width=\"1024\" height=\"642\" src=\"https:\/\/buzavirag.com\/wp-content\/uploads\/2023\/10\/Buzavirag_Zsolnay-osszehasonlitas-3508-x-2480-keppont-2-1024x642.png\" class=\"attachment-large size-large wp-image-4767\" alt=\"\" srcset=\"https:\/\/buzavirag.com\/wp-content\/uploads\/2023\/10\/Buzavirag_Zsolnay-osszehasonlitas-3508-x-2480-keppont-2-1024x642.png 1024w, https:\/\/buzavirag.com\/wp-content\/uploads\/2023\/10\/Buzavirag_Zsolnay-osszehasonlitas-3508-x-2480-keppont-2-300x188.png 300w, https:\/\/buzavirag.com\/wp-content\/uploads\/2023\/10\/Buzavirag_Zsolnay-osszehasonlitas-3508-x-2480-keppont-2-768x482.png 768w, https:\/\/buzavirag.com\/wp-content\/uploads\/2023\/10\/Buzavirag_Zsolnay-osszehasonlitas-3508-x-2480-keppont-2-1536x963.png 1536w, https:\/\/buzavirag.com\/wp-content\/uploads\/2023\/10\/Buzavirag_Zsolnay-osszehasonlitas-3508-x-2480-keppont-2-2048x1284.png 2048w\" sizes=\"(max-width: 1024px) 100vw, 1024px\" \/>\t\t\t\t\t\t\t\t\t\t\t\t\t\t\t<\/div>\n\t\t\t\t<\/div>\n\t\t\t\t\t<\/div>\n\t\t<\/div>\n\t\t\t\t\t<\/div>\n\t\t<\/section>\n\t\t\t\t<\/div>\n\t\t","protected":false},"excerpt":{"rendered":"<p>zsolnay Las porcelanas Zsolnay, decoradas con motivos de aciano, con una historia de 170 a\u00f1os, representan la familia de productos m\u00e1s conocida desde muchas generaciones que se complet\u00f3 de una bebida de calidad excepcional, con ocasi\u00f3n del 193o aniversario del nacimiento de Zsolnay Vilmos. El desarrollo del producto fue realizado por el equipo h\u00fangaro de [&hellip;]<\/p>\n","protected":false},"author":1,"featured_media":0,"parent":0,"menu_order":0,"comment_status":"closed","ping_status":"closed","template":"","meta":{"site-sidebar-layout":"no-sidebar","site-content-layout":"page-builder","ast-site-content-layout":"default","site-content-style":"default","site-sidebar-style":"default","ast-global-header-display":"","ast-banner-title-visibility":"","ast-main-header-display":"","ast-hfb-above-header-display":"","ast-hfb-below-header-display":"","ast-hfb-mobile-header-display":"","site-post-title":"disabled","ast-breadcrumbs-content":"","ast-featured-img":"disabled","footer-sml-layout":"","ast-disable-related-posts":"","theme-transparent-header-meta":"default","adv-header-id-meta":"","stick-header-meta":"","header-above-stick-meta":"","header-main-stick-meta":"","header-below-stick-meta":"","astra-migrate-meta-layouts":"default","ast-page-background-enabled":"default","ast-page-background-meta":{"desktop":{"background-color":"var(--ast-global-color-4)","background-image":"","background-repeat":"repeat","background-position":"center center","background-size":"auto","background-attachment":"scroll","background-type":"","background-media":"","overlay-type":"","overlay-color":"","overlay-opacity":"","overlay-gradient":""},"tablet":{"background-color":"","background-image":"","background-repeat":"repeat","background-position":"center center","background-size":"auto","background-attachment":"scroll","background-type":"","background-media":"","overlay-type":"","overlay-color":"","overlay-opacity":"","overlay-gradient":""},"mobile":{"background-color":"","background-image":"","background-repeat":"repeat","background-position":"center center","background-size":"auto","background-attachment":"scroll","background-type":"","background-media":"","overlay-type":"","overlay-color":"","overlay-opacity":"","overlay-gradient":""}},"ast-content-background-meta":{"desktop":{"background-color":"var(--ast-global-color-5)","background-image":"","background-repeat":"repeat","background-position":"center center","background-size":"auto","background-attachment":"scroll","background-type":"","background-media":"","overlay-type":"","overlay-color":"","overlay-opacity":"","overlay-gradient":""},"tablet":{"background-color":"var(--ast-global-color-5)","background-image":"","background-repeat":"repeat","background-position":"center center","background-size":"auto","background-attachment":"scroll","background-type":"","background-media":"","overlay-type":"","overlay-color":"","overlay-opacity":"","overlay-gradient":""},"mobile":{"background-color":"var(--ast-global-color-5)","background-image":"","background-repeat":"repeat","background-position":"center center","background-size":"auto","background-attachment":"scroll","background-type":"","background-media":"","overlay-type":"","overlay-color":"","overlay-opacity":"","overlay-gradient":""}},"footnotes":""},"class_list":["post-1850","page","type-page","status-publish","hentry"],"_links":{"self":[{"href":"https:\/\/buzavirag.com\/es\/wp-json\/wp\/v2\/pages\/1850","targetHints":{"allow":["GET"]}}],"collection":[{"href":"https:\/\/buzavirag.com\/es\/wp-json\/wp\/v2\/pages"}],"about":[{"href":"https:\/\/buzavirag.com\/es\/wp-json\/wp\/v2\/types\/page"}],"author":[{"embeddable":true,"href":"https:\/\/buzavirag.com\/es\/wp-json\/wp\/v2\/users\/1"}],"replies":[{"embeddable":true,"href":"https:\/\/buzavirag.com\/es\/wp-json\/wp\/v2\/comments?post=1850"}],"version-history":[{"count":17,"href":"https:\/\/buzavirag.com\/es\/wp-json\/wp\/v2\/pages\/1850\/revisions"}],"predecessor-version":[{"id":4955,"href":"https:\/\/buzavirag.com\/es\/wp-json\/wp\/v2\/pages\/1850\/revisions\/4955"}],"wp:attachment":[{"href":"https:\/\/buzavirag.com\/es\/wp-json\/wp\/v2\/media?parent=1850"}],"curies":[{"name":"wp","href":"https:\/\/api.w.org\/{rel}","templated":true}]}}